{"id":223,"date":"2021-08-23T14:17:40","date_gmt":"2021-08-23T17:17:40","guid":{"rendered":"https:\/\/www.sygplanos.com.br\/?page_id=223"},"modified":"2024-05-13T16:59:41","modified_gmt":"2024-05-13T19:59:41","slug":"planos-odontologicos","status":"publish","type":"page","link":"https:\/\/www.sygplanos.com.br\/?page_id=223","title":{"rendered":"Planos Odontol\u00f3gicos"},"content":{"rendered":"\t\t<div data-elementor-type=\"wp-page\" data-elementor-id=\"223\" class=\"elementor elementor-223\" data-elementor-post-type=\"page\">\n\t\t\t\t\t\t<section data-dce-background-color=\"#561855\" class=\"elementor-section elementor-top-section elementor-element elementor-element-13f2000 elementor-section-boxed elementor-section-height-default elementor-section-height-default\" data-id=\"13f2000\" data-element_type=\"section\" data-settings=\"{&quot;background_background&quot;:&quot;gradient&quot;}\">\n\t\t\t\t\t\t<div class=\"elementor-container elementor-column-gap-default\">\n\t\t\t\t\t<div class=\"elementor-column elementor-col-100 elementor-top-column elementor-element elementor-element-e5a7436\" data-id=\"e5a7436\" data-element_type=\"column\">\n\t\t\t<div class=\"elementor-widget-wrap elementor-element-populated\">\n\t\t\t\t\t\t<div class=\"elementor-element elementor-element-7ef8ef7 elementor-align-center elementor-widget elementor-widget-breadcrumbs\" data-id=\"7ef8ef7\" data-element_type=\"widget\" data-widget_type=\"breadcrumbs.default\">\n\t\t\t\t<div class=\"elementor-widget-container\">\n\t\t\t<link rel=\"stylesheet\" href=\"https:\/\/www.sygplanos.com.br\/wp-content\/plugins\/elementor-pro\/assets\/css\/widget-theme-elements.min.css?ver=1722879507\"><p id=\"breadcrumbs\"><span><span><a href=\"https:\/\/www.sygplanos.com.br\/\">In\u00edcio<\/a><\/span><\/span><\/p>\t\t<\/div>\n\t\t\t\t<\/div>\n\t\t\t\t\t<\/div>\n\t\t<\/div>\n\t\t\t\t\t<\/div>\n\t\t<\/section>\n\t\t\t\t<section class=\"elementor-section elementor-top-section elementor-element elementor-element-1e978ea elementor-section-full_width elementor-section-height-default elementor-section-height-default\" data-id=\"1e978ea\" data-element_type=\"section\">\n\t\t\t\t\t\t<div class=\"elementor-container elementor-column-gap-default\">\n\t\t\t\t\t<div data-dce-background-color=\"#4A90E2\" class=\"elementor-column elementor-col-25 elementor-top-column elementor-element elementor-element-b0bb4e9\" data-id=\"b0bb4e9\" data-element_type=\"column\" data-settings=\"{&quot;background_background&quot;:&quot;classic&quot;}\">\n\t\t\t<div class=\"elementor-widget-wrap elementor-element-populated\">\n\t\t\t\t\t\t<div class=\"elementor-element elementor-element-fb42207 elementor-widget elementor-widget-html\" data-id=\"fb42207\" data-element_type=\"widget\" data-widget_type=\"html.default\">\n\t\t\t\t<div class=\"elementor-widget-container\">\n\t\t\t<div style=\"padding:1px;\"><\/div>\t\t<\/div>\n\t\t\t\t<\/div>\n\t\t\t\t\t<\/div>\n\t\t<\/div>\n\t\t\t\t<div data-dce-background-color=\"#F8AD1C\" class=\"elementor-column elementor-col-25 elementor-top-column elementor-element elementor-element-082612d\" data-id=\"082612d\" data-element_type=\"column\" data-settings=\"{&quot;background_background&quot;:&quot;classic&quot;}\">\n\t\t\t<div class=\"elementor-widget-wrap elementor-element-populated\">\n\t\t\t\t\t\t<div class=\"elementor-element elementor-element-c488d17 elementor-widget elementor-widget-html\" data-id=\"c488d17\" data-element_type=\"widget\" data-widget_type=\"html.default\">\n\t\t\t\t<div class=\"elementor-widget-container\">\n\t\t\t<div style=\"padding:1px;\"><\/div>\t\t<\/div>\n\t\t\t\t<\/div>\n\t\t\t\t\t<\/div>\n\t\t<\/div>\n\t\t\t\t<div data-dce-background-color=\"#7ED321\" class=\"elementor-column elementor-col-25 elementor-top-column elementor-element elementor-element-4db548b\" data-id=\"4db548b\" data-element_type=\"column\" data-settings=\"{&quot;background_background&quot;:&quot;classic&quot;}\">\n\t\t\t<div class=\"elementor-widget-wrap elementor-element-populated\">\n\t\t\t\t\t\t<div class=\"elementor-element elementor-element-447d8ca elementor-widget elementor-widget-html\" data-id=\"447d8ca\" data-element_type=\"widget\" data-widget_type=\"html.default\">\n\t\t\t\t<div class=\"elementor-widget-container\">\n\t\t\t<div style=\"padding:1px;\"><\/div>\t\t<\/div>\n\t\t\t\t<\/div>\n\t\t\t\t\t<\/div>\n\t\t<\/div>\n\t\t\t\t<div data-dce-background-color=\"#4A90E2\" class=\"elementor-column elementor-col-25 elementor-top-column elementor-element elementor-element-9536575\" data-id=\"9536575\" data-element_type=\"column\" data-settings=\"{&quot;background_background&quot;:&quot;classic&quot;}\">\n\t\t\t<div class=\"elementor-widget-wrap elementor-element-populated\">\n\t\t\t\t\t\t<div class=\"elementor-element elementor-element-f004773 elementor-widget elementor-widget-html\" data-id=\"f004773\" data-element_type=\"widget\" data-widget_type=\"html.default\">\n\t\t\t\t<div class=\"elementor-widget-container\">\n\t\t\t<div style=\"padding:1px;\"><\/div>\t\t<\/div>\n\t\t\t\t<\/div>\n\t\t\t\t\t<\/div>\n\t\t<\/div>\n\t\t\t\t\t<\/div>\n\t\t<\/section>\n\t\t\t\t<section class=\"elementor-section elementor-top-section elementor-element elementor-element-363d3ca elementor-section-boxed elementor-section-height-default elementor-section-height-default\" data-id=\"363d3ca\" data-element_type=\"section\" data-settings=\"{&quot;background_background&quot;:&quot;classic&quot;}\">\n\t\t\t\t\t\t<div class=\"elementor-container elementor-column-gap-default\">\n\t\t\t\t\t<div class=\"elementor-column elementor-col-100 elementor-top-column elementor-element elementor-element-3dd7bbd\" data-id=\"3dd7bbd\" data-element_type=\"column\" data-settings=\"{&quot;background_background&quot;:&quot;classic&quot;}\">\n\t\t\t<div class=\"elementor-widget-wrap elementor-element-populated\">\n\t\t\t\t\t\t<div class=\"elementor-element elementor-element-b3011ec dce_masking-none elementor-widget elementor-widget-image\" data-id=\"b3011ec\" data-element_type=\"widget\" data-widget_type=\"image.default\">\n\t\t\t\t<div class=\"elementor-widget-container\">\n\t\t\t<style>\/*! elementor - v3.23.0 - 05-08-2024 *\/\n.elementor-widget-image{text-align:center}.elementor-widget-image a{display:inline-block}.elementor-widget-image a img[src$=\".svg\"]{width:48px}.elementor-widget-image img{vertical-align:middle;display:inline-block}<\/style>\t\t\t\t\t\t\t\t\t\t<img decoding=\"async\" src=\"https:\/\/www.sygplanos.com.br\/wp-content\/uploads\/elementor\/thumbs\/planos-odontologicos-syg-saude-taubate-1024x306-1-pc1r8t5q7v18ehrhem9ryet20se6g0yj9ztqu1xvdu.jpg\" title=\"planos-odontologicos-syg-saude-taubate-1024&#215;306\" alt=\"planos-odontologicos-syg-saude-taubate-1024x306\" loading=\"lazy\" \/>\t\t\t\t\t\t\t\t\t\t\t\t\t<\/div>\n\t\t\t\t<\/div>\n\t\t\t\t\t<\/div>\n\t\t<\/div>\n\t\t\t\t\t<\/div>\n\t\t<\/section>\n\t\t\t\t<section class=\"elementor-section elementor-top-section elementor-element elementor-element-ece1e39 elementor-section-boxed elementor-section-height-default elementor-section-height-default\" data-id=\"ece1e39\" data-element_type=\"section\">\n\t\t\t\t\t\t<div class=\"elementor-container elementor-column-gap-default\">\n\t\t\t\t\t<div class=\"elementor-column elementor-col-50 elementor-top-column elementor-element elementor-element-109cb55\" data-id=\"109cb55\" data-element_type=\"column\">\n\t\t\t<div class=\"elementor-widget-wrap elementor-element-populated\">\n\t\t\t\t\t\t<div class=\"elementor-element elementor-element-78f6289 elementor-widget elementor-widget-text-editor\" data-id=\"78f6289\" data-element_type=\"widget\" data-widget_type=\"text-editor.default\">\n\t\t\t\t<div class=\"elementor-widget-container\">\n\t\t\t<style>\/*! elementor - v3.23.0 - 05-08-2024 *\/\n.elementor-widget-text-editor.elementor-drop-cap-view-stacked .elementor-drop-cap{background-color:#69727d;color:#fff}.elementor-widget-text-editor.elementor-drop-cap-view-framed .elementor-drop-cap{color:#69727d;border:3px solid;background-color:transparent}.elementor-widget-text-editor:not(.elementor-drop-cap-view-default) .elementor-drop-cap{margin-top:8px}.elementor-widget-text-editor:not(.elementor-drop-cap-view-default) .elementor-drop-cap-letter{width:1em;height:1em}.elementor-widget-text-editor .elementor-drop-cap{float:left;text-align:center;line-height:1;font-size:50px}.elementor-widget-text-editor .elementor-drop-cap-letter{display:inline-block}<\/style>\t\t\t\t<div class=\"grid-8 servico-conteudo vspace\"><div class=\"grid-8 servico-conteudo vspace\"><div class=\"grid-8 servico-conteudo vspace\"><p>Os <strong>planos odontol\u00f3gicos<\/strong> funcionam com regras semelhantes aos planos de sa\u00fade, inclusive s\u00e3o regulamentados pela Ag\u00eancia Nacional de Sa\u00fade \u2013 ANS.<\/p><p>A <strong>SYG Sa\u00fade<\/strong>\u00a0possui parceria com as <strong>maiores operadoras nacionais<\/strong> de planos odontol\u00f3gicos: Sulam\u00e9rica e Bradesco. Estas operadoras oferecem ampla rede credenciada que engloba todos as op\u00e7\u00f5es de atendimento dispon\u00edveis no plano, sejam cl\u00ednicas, consult\u00f3rios e\/ou especialidades.<\/p><p>Para as empresas as vantagens s\u00e3o ainda maiores, dentre elas:<\/p><ul><li><strong>Incentivo \u00e0 preven\u00e7\u00e3o:<\/strong> ao contr\u00e1rio das pessoas que n\u00e3o possuem um plano, e por consequ\u00eancia costumam procurar um dentista apenas quando algum problema surge, o indiv\u00edduo que contrata um plano se incentiva a criar um h\u00e1bito de realizar consultas periodicamente, resultando em uma sa\u00fade bucal muito melhor.<\/li><li><strong>Excelente custo-benef\u00edcio:<\/strong> consultas e tratamentos particulares costumam apresentar um valor muito elevado. O plano empresarial oferece baix\u00edssimo custo mas oferece todos os tipos de procedimentos requeridos pela ANS, dentre elas urg\u00eancias e emerg\u00eancias.<\/li><li><strong>Bem-estar:<\/strong> o bem-estar \u00e9 t\u00e3o importante quanto a sa\u00fade. Um funcion\u00e1rio satisfeito com seu sorriso aumenta a autoestima e melhora os relacionamentos interpessoais, tornando o ambiente de trabalho mais agrad\u00e1vel como um todo, aumentando a produtividade e a fidelidade do colaborador.<\/li><\/ul><\/div><\/div><\/div>\t\t\t\t\t\t<\/div>\n\t\t\t\t<\/div>\n\t\t\t\t\t<\/div>\n\t\t<\/div>\n\t\t\t\t<div data-dce-background-color=\"#571855CF\" class=\"elementor-column elementor-col-50 elementor-top-column elementor-element elementor-element-0bbf964\" data-id=\"0bbf964\" data-element_type=\"column\" data-settings=\"{&quot;background_background&quot;:&quot;classic&quot;}\">\n\t\t\t<div class=\"elementor-widget-wrap elementor-element-populated\">\n\t\t\t\t\t\t<div class=\"elementor-element elementor-element-6e703e8 elementor-widget elementor-widget-heading\" data-id=\"6e703e8\" data-element_type=\"widget\" data-widget_type=\"heading.default\">\n\t\t\t\t<div class=\"elementor-widget-container\">\n\t\t\t<style>\/*! elementor - v3.23.0 - 05-08-2024 *\/\n.elementor-heading-title{padding:0;margin:0;line-height:1}.elementor-widget-heading .elementor-heading-title[class*=elementor-size-]>a{color:inherit;font-size:inherit;line-height:inherit}.elementor-widget-heading .elementor-heading-title.elementor-size-small{font-size:15px}.elementor-widget-heading .elementor-heading-title.elementor-size-medium{font-size:19px}.elementor-widget-heading .elementor-heading-title.elementor-size-large{font-size:29px}.elementor-widget-heading .elementor-heading-title.elementor-size-xl{font-size:39px}.elementor-widget-heading .elementor-heading-title.elementor-size-xxl{font-size:59px}<\/style><p class=\"elementor-heading-title elementor-size-default\">Contrate Online<\/p>\t\t<\/div>\n\t\t\t\t<\/div>\n\t\t\t\t<div class=\"elementor-element elementor-element-805f09f elementor-widget elementor-widget-text-editor\" data-id=\"805f09f\" data-element_type=\"widget\" data-widget_type=\"text-editor.default\">\n\t\t\t\t<div class=\"elementor-widget-container\">\n\t\t\t\t\t\t\t<p>Temos o plano ideal para seu perfil!<\/p>\t\t\t\t\t\t<\/div>\n\t\t\t\t<\/div>\n\t\t\t\t<div data-dce-background-color=\"#FAA914\" class=\"elementor-element elementor-element-22318d9 elementor-align-justify elementor-widget elementor-widget-button\" data-id=\"22318d9\" data-element_type=\"widget\" data-widget_type=\"button.default\">\n\t\t\t\t<div class=\"elementor-widget-container\">\n\t\t\t\t\t<div class=\"elementor-button-wrapper\">\n\t\t\t<a class=\"elementor-button elementor-button-link elementor-size-sm\" href=\"https:\/\/sulamericaodonto.com.br\/sygcorr\" target=\"_blank\" rel=\"nofollow\">\n\t\t\t\t\t\t<span class=\"elementor-button-content-wrapper\">\n\t\t\t\t\t\t\t\t\t<span class=\"elementor-button-text\">CONTRATE AGORA<\/span>\n\t\t\t\t\t<\/span>\n\t\t\t\t\t<\/a>\n\t\t<\/div>\n\t\t\t\t<\/div>\n\t\t\t\t<\/div>\n\t\t\t\t\t<\/div>\n\t\t<\/div>\n\t\t\t\t\t<\/div>\n\t\t<\/section>\n\t\t\t\t<\/div>\n\t\t","protected":false},"excerpt":{"rendered":"<p>Os planos odontol\u00f3gicos funcionam com regras semelhantes aos planos de sa\u00fade, inclusive s\u00e3o regulamentados pela Ag\u00eancia Nacional de Sa\u00fade \u2013 ANS. A SYG Sa\u00fade\u00a0possui parceria com as maiores operadoras nacionais de planos odontol\u00f3gicos: Sulam\u00e9rica e Bradesco. Estas operadoras oferecem ampla rede credenciada que engloba todos as op\u00e7\u00f5es de atendimento dispon\u00edveis no plano, sejam cl\u00ednicas, consult\u00f3rios [&hellip;]<\/p>\n","protected":false},"author":1,"featured_media":0,"parent":0,"menu_order":0,"comment_status":"closed","ping_status":"closed","template":"","meta":{"footnotes":""},"class_list":["post-223","page","type-page","status-publish","hentry"],"yoast_head":"<!-- This site is optimized with the Yoast SEO plugin v23.1 - https:\/\/yoast.com\/wordpress\/plugins\/seo\/ -->\n<title>Planos Odontol\u00f3gicos - Sa\u00fade Taubat\u00e9<\/title>\n<meta name=\"robots\" content=\"index, follow, max-snippet:-1, max-image-preview:large, max-video-preview:-1\" \/>\n<link rel=\"canonical\" href=\"https:\/\/www.sygplanos.com.br\/?page_id=223\" \/>\n<meta property=\"og:locale\" content=\"pt_BR\" \/>\n<meta property=\"og:type\" content=\"article\" \/>\n<meta property=\"og:title\" content=\"Planos Odontol\u00f3gicos - Sa\u00fade Taubat\u00e9\" \/>\n<meta property=\"og:description\" content=\"Os planos odontol\u00f3gicos funcionam com regras semelhantes aos planos de sa\u00fade, inclusive s\u00e3o regulamentados pela Ag\u00eancia Nacional de Sa\u00fade \u2013 ANS. A SYG Sa\u00fade\u00a0possui parceria com as maiores operadoras nacionais de planos odontol\u00f3gicos: Sulam\u00e9rica e Bradesco. Estas operadoras oferecem ampla rede credenciada que engloba todos as op\u00e7\u00f5es de atendimento dispon\u00edveis no plano, sejam cl\u00ednicas, consult\u00f3rios [&hellip;]\" \/>\n<meta property=\"og:url\" content=\"https:\/\/www.sygplanos.com.br\/?page_id=223\" \/>\n<meta property=\"og:site_name\" content=\"Sa\u00fade Taubat\u00e9\" \/>\n<meta property=\"article:modified_time\" content=\"2024-05-13T19:59:41+00:00\" \/>\n<meta property=\"og:image\" content=\"https:\/\/www.sygplanos.com.br\/wp-content\/uploads\/2021\/08\/planos-odontologicos-syg-saude-taubate-1024x306-1-150x150.jpg\" \/>\n<meta name=\"twitter:card\" content=\"summary_large_image\" \/>\n<meta name=\"twitter:label1\" content=\"Est. tempo de leitura\" \/>\n\t<meta name=\"twitter:data1\" content=\"2 minutos\" \/>\n<script type=\"application\/ld+json\" class=\"yoast-schema-graph\">{\"@context\":\"https:\/\/schema.org\",\"@graph\":[{\"@type\":\"WebPage\",\"@id\":\"https:\/\/www.sygplanos.com.br\/?page_id=223\",\"url\":\"https:\/\/www.sygplanos.com.br\/?page_id=223\",\"name\":\"Planos Odontol\u00f3gicos - Sa\u00fade Taubat\u00e9\",\"isPartOf\":{\"@id\":\"https:\/\/www.sygplanos.com.br\/#website\"},\"primaryImageOfPage\":{\"@id\":\"https:\/\/www.sygplanos.com.br\/?page_id=223#primaryimage\"},\"image\":{\"@id\":\"https:\/\/www.sygplanos.com.br\/?page_id=223#primaryimage\"},\"thumbnailUrl\":\"https:\/\/www.sygplanos.com.br\/wp-content\/uploads\/2021\/08\/planos-odontologicos-syg-saude-taubate-1024x306-1-150x150.jpg\",\"datePublished\":\"2021-08-23T17:17:40+00:00\",\"dateModified\":\"2024-05-13T19:59:41+00:00\",\"breadcrumb\":{\"@id\":\"https:\/\/www.sygplanos.com.br\/?page_id=223#breadcrumb\"},\"inLanguage\":\"pt-BR\",\"potentialAction\":[{\"@type\":\"ReadAction\",\"target\":[\"https:\/\/www.sygplanos.com.br\/?page_id=223\"]}]},{\"@type\":\"ImageObject\",\"inLanguage\":\"pt-BR\",\"@id\":\"https:\/\/www.sygplanos.com.br\/?page_id=223#primaryimage\",\"url\":\"https:\/\/www.sygplanos.com.br\/wp-content\/uploads\/2021\/08\/planos-odontologicos-syg-saude-taubate-1024x306-1.jpg\",\"contentUrl\":\"https:\/\/www.sygplanos.com.br\/wp-content\/uploads\/2021\/08\/planos-odontologicos-syg-saude-taubate-1024x306-1.jpg\",\"width\":1024,\"height\":306},{\"@type\":\"BreadcrumbList\",\"@id\":\"https:\/\/www.sygplanos.com.br\/?page_id=223#breadcrumb\",\"itemListElement\":[{\"@type\":\"ListItem\",\"position\":1,\"name\":\"In\u00edcio\",\"item\":\"https:\/\/www.sygplanos.com.br\/\"},{\"@type\":\"ListItem\",\"position\":2,\"name\":\"Planos Odontol\u00f3gicos\"}]},{\"@type\":\"WebSite\",\"@id\":\"https:\/\/www.sygplanos.com.br\/#website\",\"url\":\"https:\/\/www.sygplanos.com.br\/\",\"name\":\"Sa\u00fade Taubat\u00e9\",\"description\":\"S\u00f3 mais um site WordPress\",\"potentialAction\":[{\"@type\":\"SearchAction\",\"target\":{\"@type\":\"EntryPoint\",\"urlTemplate\":\"https:\/\/www.sygplanos.com.br\/?s={search_term_string}\"},\"query-input\":\"required name=search_term_string\"}],\"inLanguage\":\"pt-BR\"}]}<\/script>\n<!-- \/ Yoast SEO plugin. -->","yoast_head_json":{"title":"Planos Odontol\u00f3gicos - Sa\u00fade Taubat\u00e9","robots":{"index":"index","follow":"follow","max-snippet":"max-snippet:-1","max-image-preview":"max-image-preview:large","max-video-preview":"max-video-preview:-1"},"canonical":"https:\/\/www.sygplanos.com.br\/?page_id=223","og_locale":"pt_BR","og_type":"article","og_title":"Planos Odontol\u00f3gicos - Sa\u00fade Taubat\u00e9","og_description":"Os planos odontol\u00f3gicos funcionam com regras semelhantes aos planos de sa\u00fade, inclusive s\u00e3o regulamentados pela Ag\u00eancia Nacional de Sa\u00fade \u2013 ANS. A SYG Sa\u00fade\u00a0possui parceria com as maiores operadoras nacionais de planos odontol\u00f3gicos: Sulam\u00e9rica e Bradesco. Estas operadoras oferecem ampla rede credenciada que engloba todos as op\u00e7\u00f5es de atendimento dispon\u00edveis no plano, sejam cl\u00ednicas, consult\u00f3rios [&hellip;]","og_url":"https:\/\/www.sygplanos.com.br\/?page_id=223","og_site_name":"Sa\u00fade Taubat\u00e9","article_modified_time":"2024-05-13T19:59:41+00:00","og_image":[{"url":"https:\/\/www.sygplanos.com.br\/wp-content\/uploads\/2021\/08\/planos-odontologicos-syg-saude-taubate-1024x306-1-150x150.jpg"}],"twitter_card":"summary_large_image","twitter_misc":{"Est. tempo de leitura":"2 minutos"},"schema":{"@context":"https:\/\/schema.org","@graph":[{"@type":"WebPage","@id":"https:\/\/www.sygplanos.com.br\/?page_id=223","url":"https:\/\/www.sygplanos.com.br\/?page_id=223","name":"Planos Odontol\u00f3gicos - Sa\u00fade Taubat\u00e9","isPartOf":{"@id":"https:\/\/www.sygplanos.com.br\/#website"},"primaryImageOfPage":{"@id":"https:\/\/www.sygplanos.com.br\/?page_id=223#primaryimage"},"image":{"@id":"https:\/\/www.sygplanos.com.br\/?page_id=223#primaryimage"},"thumbnailUrl":"https:\/\/www.sygplanos.com.br\/wp-content\/uploads\/2021\/08\/planos-odontologicos-syg-saude-taubate-1024x306-1-150x150.jpg","datePublished":"2021-08-23T17:17:40+00:00","dateModified":"2024-05-13T19:59:41+00:00","breadcrumb":{"@id":"https:\/\/www.sygplanos.com.br\/?page_id=223#breadcrumb"},"inLanguage":"pt-BR","potentialAction":[{"@type":"ReadAction","target":["https:\/\/www.sygplanos.com.br\/?page_id=223"]}]},{"@type":"ImageObject","inLanguage":"pt-BR","@id":"https:\/\/www.sygplanos.com.br\/?page_id=223#primaryimage","url":"https:\/\/www.sygplanos.com.br\/wp-content\/uploads\/2021\/08\/planos-odontologicos-syg-saude-taubate-1024x306-1.jpg","contentUrl":"https:\/\/www.sygplanos.com.br\/wp-content\/uploads\/2021\/08\/planos-odontologicos-syg-saude-taubate-1024x306-1.jpg","width":1024,"height":306},{"@type":"BreadcrumbList","@id":"https:\/\/www.sygplanos.com.br\/?page_id=223#breadcrumb","itemListElement":[{"@type":"ListItem","position":1,"name":"In\u00edcio","item":"https:\/\/www.sygplanos.com.br\/"},{"@type":"ListItem","position":2,"name":"Planos Odontol\u00f3gicos"}]},{"@type":"WebSite","@id":"https:\/\/www.sygplanos.com.br\/#website","url":"https:\/\/www.sygplanos.com.br\/","name":"Sa\u00fade Taubat\u00e9","description":"S\u00f3 mais um site WordPress","potentialAction":[{"@type":"SearchAction","target":{"@type":"EntryPoint","urlTemplate":"https:\/\/www.sygplanos.com.br\/?s={search_term_string}"},"query-input":"required name=search_term_string"}],"inLanguage":"pt-BR"}]}},"_links":{"self":[{"href":"https:\/\/www.sygplanos.com.br\/index.php?rest_route=\/wp\/v2\/pages\/223","targetHints":{"allow":["GET"]}}],"collection":[{"href":"https:\/\/www.sygplanos.com.br\/index.php?rest_route=\/wp\/v2\/pages"}],"about":[{"href":"https:\/\/www.sygplanos.com.br\/index.php?rest_route=\/wp\/v2\/types\/page"}],"author":[{"embeddable":true,"href":"https:\/\/www.sygplanos.com.br\/index.php?rest_route=\/wp\/v2\/users\/1"}],"replies":[{"embeddable":true,"href":"https:\/\/www.sygplanos.com.br\/index.php?rest_route=%2Fwp%2Fv2%2Fcomments&post=223"}],"version-history":[{"count":10,"href":"https:\/\/www.sygplanos.com.br\/index.php?rest_route=\/wp\/v2\/pages\/223\/revisions"}],"predecessor-version":[{"id":503,"href":"https:\/\/www.sygplanos.com.br\/index.php?rest_route=\/wp\/v2\/pages\/223\/revisions\/503"}],"wp:attachment":[{"href":"https:\/\/www.sygplanos.com.br\/index.php?rest_route=%2Fwp%2Fv2%2Fmedia&parent=223"}],"curies":[{"name":"wp","href":"https:\/\/api.w.org\/{rel}","templated":true}]}}