{"id":173,"date":"2021-08-23T13:28:22","date_gmt":"2021-08-23T16:28:22","guid":{"rendered":"https:\/\/www.sygplanos.com.br\/?page_id=173"},"modified":"2024-05-13T17:16:17","modified_gmt":"2024-05-13T20:16:17","slug":"quem-somos","status":"publish","type":"page","link":"https:\/\/www.sygplanos.com.br\/?page_id=173","title":{"rendered":"Quem Somos"},"content":{"rendered":"\t\t<div data-elementor-type=\"wp-page\" data-elementor-id=\"173\" class=\"elementor elementor-173\" data-elementor-post-type=\"page\">\n\t\t\t\t\t\t<section data-dce-background-color=\"#561855\" class=\"elementor-section elementor-top-section elementor-element elementor-element-e7f3fc7 elementor-section-boxed elementor-section-height-default elementor-section-height-default\" data-id=\"e7f3fc7\" data-element_type=\"section\" data-settings=\"{&quot;background_background&quot;:&quot;gradient&quot;}\">\n\t\t\t\t\t\t<div class=\"elementor-container elementor-column-gap-default\">\n\t\t\t\t\t<div class=\"elementor-column elementor-col-100 elementor-top-column elementor-element elementor-element-bcc1836\" data-id=\"bcc1836\" data-element_type=\"column\">\n\t\t\t<div class=\"elementor-widget-wrap elementor-element-populated\">\n\t\t\t\t\t\t<div class=\"elementor-element elementor-element-5e6e418 elementor-align-center elementor-widget elementor-widget-breadcrumbs\" data-id=\"5e6e418\" data-element_type=\"widget\" data-widget_type=\"breadcrumbs.default\">\n\t\t\t\t<div class=\"elementor-widget-container\">\n\t\t\t<link rel=\"stylesheet\" href=\"https:\/\/www.sygplanos.com.br\/wp-content\/plugins\/elementor-pro\/assets\/css\/widget-theme-elements.min.css?ver=1722879507\"><p id=\"breadcrumbs\"><span><span><a href=\"https:\/\/www.sygplanos.com.br\/\">In\u00edcio<\/a><\/span><\/span><\/p>\t\t<\/div>\n\t\t\t\t<\/div>\n\t\t\t\t\t<\/div>\n\t\t<\/div>\n\t\t\t\t\t<\/div>\n\t\t<\/section>\n\t\t\t\t<section class=\"elementor-section elementor-top-section elementor-element elementor-element-fbe2006 elementor-section-full_width elementor-section-height-default elementor-section-height-default\" data-id=\"fbe2006\" data-element_type=\"section\">\n\t\t\t\t\t\t<div class=\"elementor-container elementor-column-gap-default\">\n\t\t\t\t\t<div data-dce-background-color=\"#4A90E2\" class=\"elementor-column elementor-col-25 elementor-top-column elementor-element elementor-element-a0f82c6\" data-id=\"a0f82c6\" data-element_type=\"column\" data-settings=\"{&quot;background_background&quot;:&quot;classic&quot;}\">\n\t\t\t<div class=\"elementor-widget-wrap elementor-element-populated\">\n\t\t\t\t\t\t<div class=\"elementor-element elementor-element-0bec869 elementor-widget elementor-widget-html\" data-id=\"0bec869\" data-element_type=\"widget\" data-widget_type=\"html.default\">\n\t\t\t\t<div class=\"elementor-widget-container\">\n\t\t\t<div style=\"padding:1px;\"><\/div>\t\t<\/div>\n\t\t\t\t<\/div>\n\t\t\t\t\t<\/div>\n\t\t<\/div>\n\t\t\t\t<div data-dce-background-color=\"#F8AD1C\" class=\"elementor-column elementor-col-25 elementor-top-column elementor-element elementor-element-9a92df5\" data-id=\"9a92df5\" data-element_type=\"column\" data-settings=\"{&quot;background_background&quot;:&quot;classic&quot;}\">\n\t\t\t<div class=\"elementor-widget-wrap elementor-element-populated\">\n\t\t\t\t\t\t<div class=\"elementor-element elementor-element-df01a7f elementor-widget elementor-widget-html\" data-id=\"df01a7f\" data-element_type=\"widget\" data-widget_type=\"html.default\">\n\t\t\t\t<div class=\"elementor-widget-container\">\n\t\t\t<div style=\"padding:1px;\"><\/div>\t\t<\/div>\n\t\t\t\t<\/div>\n\t\t\t\t\t<\/div>\n\t\t<\/div>\n\t\t\t\t<div data-dce-background-color=\"#7ED321\" class=\"elementor-column elementor-col-25 elementor-top-column elementor-element elementor-element-0285b19\" data-id=\"0285b19\" data-element_type=\"column\" data-settings=\"{&quot;background_background&quot;:&quot;classic&quot;}\">\n\t\t\t<div class=\"elementor-widget-wrap elementor-element-populated\">\n\t\t\t\t\t\t<div class=\"elementor-element elementor-element-99c088b elementor-widget elementor-widget-html\" data-id=\"99c088b\" data-element_type=\"widget\" data-widget_type=\"html.default\">\n\t\t\t\t<div class=\"elementor-widget-container\">\n\t\t\t<div style=\"padding:1px;\"><\/div>\t\t<\/div>\n\t\t\t\t<\/div>\n\t\t\t\t\t<\/div>\n\t\t<\/div>\n\t\t\t\t<div data-dce-background-color=\"#4A90E2\" class=\"elementor-column elementor-col-25 elementor-top-column elementor-element elementor-element-ddf36dd\" data-id=\"ddf36dd\" data-element_type=\"column\" data-settings=\"{&quot;background_background&quot;:&quot;classic&quot;}\">\n\t\t\t<div class=\"elementor-widget-wrap elementor-element-populated\">\n\t\t\t\t\t\t<div class=\"elementor-element elementor-element-0da2e40 elementor-widget elementor-widget-html\" data-id=\"0da2e40\" data-element_type=\"widget\" data-widget_type=\"html.default\">\n\t\t\t\t<div class=\"elementor-widget-container\">\n\t\t\t<div style=\"padding:1px;\"><\/div>\t\t<\/div>\n\t\t\t\t<\/div>\n\t\t\t\t\t<\/div>\n\t\t<\/div>\n\t\t\t\t\t<\/div>\n\t\t<\/section>\n\t\t\t\t<section data-dce-background-color=\"#F4F4F4F4\" class=\"elementor-section elementor-top-section elementor-element elementor-element-a3e0195 elementor-section-boxed elementor-section-height-default elementor-section-height-default\" data-id=\"a3e0195\" data-element_type=\"section\" data-settings=\"{&quot;background_background&quot;:&quot;classic&quot;}\">\n\t\t\t\t\t\t<div class=\"elementor-container elementor-column-gap-default\">\n\t\t\t\t\t<div class=\"elementor-column elementor-col-100 elementor-top-column elementor-element elementor-element-d89e055\" data-id=\"d89e055\" data-element_type=\"column\">\n\t\t\t<div class=\"elementor-widget-wrap elementor-element-populated\">\n\t\t\t\t\t\t<div class=\"elementor-element elementor-element-e98db48 elementor-widget elementor-widget-heading\" data-id=\"e98db48\" data-element_type=\"widget\" data-widget_type=\"heading.default\">\n\t\t\t\t<div class=\"elementor-widget-container\">\n\t\t\t<style>\/*! elementor - v3.23.0 - 05-08-2024 *\/\n.elementor-heading-title{padding:0;margin:0;line-height:1}.elementor-widget-heading .elementor-heading-title[class*=elementor-size-]>a{color:inherit;font-size:inherit;line-height:inherit}.elementor-widget-heading .elementor-heading-title.elementor-size-small{font-size:15px}.elementor-widget-heading .elementor-heading-title.elementor-size-medium{font-size:19px}.elementor-widget-heading .elementor-heading-title.elementor-size-large{font-size:29px}.elementor-widget-heading .elementor-heading-title.elementor-size-xl{font-size:39px}.elementor-widget-heading .elementor-heading-title.elementor-size-xxl{font-size:59px}<\/style><p class=\"elementor-heading-title elementor-size-default\">SYG Sa\u00fade. A sua corretora online de planos de sa\u00fade e seguros.<\/p>\t\t<\/div>\n\t\t\t\t<\/div>\n\t\t\t\t<div class=\"elementor-element elementor-element-6832f38 dce_masking-none elementor-widget elementor-widget-image\" data-id=\"6832f38\" data-element_type=\"widget\" data-widget_type=\"image.default\">\n\t\t\t\t<div class=\"elementor-widget-container\">\n\t\t\t<style>\/*! elementor - v3.23.0 - 05-08-2024 *\/\n.elementor-widget-image{text-align:center}.elementor-widget-image a{display:inline-block}.elementor-widget-image a img[src$=\".svg\"]{width:48px}.elementor-widget-image img{vertical-align:middle;display:inline-block}<\/style>\t\t\t\t\t\t\t\t\t\t<img fetchpriority=\"high\" decoding=\"async\" width=\"300\" height=\"226\" src=\"https:\/\/www.sygplanos.com.br\/wp-content\/uploads\/2021\/08\/CapaSYG-300x226-1.png\" class=\"attachment-large size-large wp-image-190\" alt=\"\" \/>\t\t\t\t\t\t\t\t\t\t\t\t\t<\/div>\n\t\t\t\t<\/div>\n\t\t\t\t<div class=\"elementor-element elementor-element-2a4c100 elementor-widget elementor-widget-text-editor\" data-id=\"2a4c100\" data-element_type=\"widget\" data-widget_type=\"text-editor.default\">\n\t\t\t\t<div class=\"elementor-widget-container\">\n\t\t\t<style>\/*! elementor - v3.23.0 - 05-08-2024 *\/\n.elementor-widget-text-editor.elementor-drop-cap-view-stacked .elementor-drop-cap{background-color:#69727d;color:#fff}.elementor-widget-text-editor.elementor-drop-cap-view-framed .elementor-drop-cap{color:#69727d;border:3px solid;background-color:transparent}.elementor-widget-text-editor:not(.elementor-drop-cap-view-default) .elementor-drop-cap{margin-top:8px}.elementor-widget-text-editor:not(.elementor-drop-cap-view-default) .elementor-drop-cap-letter{width:1em;height:1em}.elementor-widget-text-editor .elementor-drop-cap{float:left;text-align:center;line-height:1;font-size:50px}.elementor-widget-text-editor .elementor-drop-cap-letter{display:inline-block}<\/style>\t\t\t\t<p>Fundada em 2012, a SYG Sa\u00fade \u00e9 uma corretora de planos de sa\u00fade e seguros, com larga experi\u00eancia em atender clientes e empresas de todos os portes.<\/p><p>Representamos as maiores seguradoras e operadoras do Brasil e oferecemos sempre os melhores produtos e solu\u00e7\u00f5es, sempre com agilidade, \u00e9tica e seguran\u00e7a.<\/p><p>Consulte a SYG Sa\u00fade se voc\u00ea ou sua empresa procuram por uma empresa s\u00f3lida e com amplo conhecimento em planos de sa\u00fade e seguros.<\/p><p>Nossa empresa \u00e9 devidamente registrada na SUSEP, autarquia do Minist\u00e9rio da Fazenda, e somos autorizados a realizar corretagem em todos os ramos de seguros, previd\u00eancia privada e planos de sa\u00fade.<\/p><h3><strong>Planos de Sa\u00fade<\/strong><\/h3><p>Nossos planos de sa\u00fade podem ser contratados por pessoas f\u00edsicas ou jur\u00eddicas.<\/p><p>Al\u00e9m disso trabalhamos com as melhores operadoras do Brasil, dentre elas:<\/p><ul><li>Unimed<\/li><li>Sa\u00fade Bradesco<\/li><li>Sulam\u00e9rica<\/li><li>Santa Casa Sa\u00fade<\/li><li>Amil<\/li><li>Porto Seguro Sa\u00fade<\/li><li>Interm\u00e9dica Notredame<\/li><li>Sompo Sa\u00fade<\/li><li>Qualicorp<\/li><\/ul><h3><strong>Seguros especiais e personalizados<\/strong><\/h3><p>Trabalhamos tamb\u00e9m com seguros de outros ramos como:<\/p><ul><li>Autom\u00f3veis<\/li><li>Resid\u00eancias<\/li><li>Seguro de obras<\/li><li>Seguro de eventos<\/li><li>Seguros de responsabilidade civil<\/li><li>Seguros de condom\u00ednios<\/li><li>Seguros para empresas<\/li><li>Seguros de vida<\/li><li>Previd\u00eancia Privada<\/li><\/ul><h3>\u00a0<\/h3><h3><strong>Conhe\u00e7a a maior corretora online de Taubat\u00e9.<\/strong><\/h3><p>Al\u00e9m de atendimento presencial em nossa sede, atendemos mais de 80% de nossos clientes atrav\u00e9s de nossos canais eletr\u00f4nicos, seja pelos mecanismos de mensagens das redes sociais, nosso chat do website ou chat via smartphones.<\/p><h3>\u00a0<\/h3><h3><strong>O cliente \u00e9 nosso maior patrim\u00f4nio<\/strong><\/h3><p>Venha nos visitar e conhecer todos os servi\u00e7os e produtos de primeira linha que podemos lhe oferecer.<\/p><p>Um aperto de m\u00e3o, um cafezinho e um sorriso bastam para come\u00e7armos um \u00f3timo relacionamento.<\/p><p>Nosso endere\u00e7os e contatos:<\/p><p>Av. Charles Schnneider, 98 &#8211; Centro, Taubat\u00e9 &#8211; SP, 12040-000<\/p><p>Nosso telefone: (12) 3011-9470<\/p><p>Atendimento online WhatsApp (12) 98249-4013<\/p>\t\t\t\t\t\t<\/div>\n\t\t\t\t<\/div>\n\t\t\t\t\t<\/div>\n\t\t<\/div>\n\t\t\t\t\t<\/div>\n\t\t<\/section>\n\t\t\t\t<section data-dce-background-image-url=\"https:\/\/www.sygplanos.com.br\/wp-content\/uploads\/2021\/08\/quem-somos.jpg\" class=\"elementor-section elementor-top-section elementor-element elementor-element-3f55f66 elementor-section-boxed elementor-section-height-default elementor-section-height-default\" data-id=\"3f55f66\" data-element_type=\"section\" data-settings=\"{&quot;background_background&quot;:&quot;classic&quot;}\">\n\t\t\t\t\t\t<div class=\"elementor-container elementor-column-gap-default\">\n\t\t\t\t\t<div data-dce-background-color=\"#569C09\" class=\"elementor-column elementor-col-50 elementor-top-column elementor-element elementor-element-ec0aea7\" data-id=\"ec0aea7\" data-element_type=\"column\" data-settings=\"{&quot;background_background&quot;:&quot;classic&quot;}\">\n\t\t\t<div class=\"elementor-widget-wrap elementor-element-populated\">\n\t\t\t\t\t\t<div class=\"elementor-element elementor-element-61848fb elementor-widget elementor-widget-text-editor\" data-id=\"61848fb\" data-element_type=\"widget\" data-widget_type=\"text-editor.default\">\n\t\t\t\t<div class=\"elementor-widget-container\">\n\t\t\t\t\t\t\t<section class=\"valores\"><div class=\"container\"><div class=\"grid-6\"><h2 class=\"title\"><strong>Nossos valores<\/strong><\/h2><ul><li>Interesse honesto na presta\u00e7\u00e3o do melhor servi\u00e7o ao cliente.<\/li><li>Humildade, determina\u00e7\u00e3o e simpatia nos relacionamentos com clientes e seguradoras.<\/li><li>Atitude \u00e9tica, aberta e participativa entre os pares.<\/li><li>O aprendizado constante \u00e9 o caminho para o crescimento dos colaboradores.<\/li><li>O entusiasmo \u00e9 uma extens\u00e3o do prazer de servir e ser\u00e1 sempre um caminho para o desenvolvimento da carreira.<\/li><li>Profissionalismo, agilidade, flexibilidade e simplicidade s\u00e3o parte de nossa rotina.<\/li><li>Tecnologia, prospec\u00e7\u00e3o e investimento em novas m\u00eddias, com olhar humanizado ao cliente, \u00e9 o caminho para o crescimento sustent\u00e1vel da empresa.<\/li><\/ul><\/div><\/div><\/section>\t\t\t\t\t\t<\/div>\n\t\t\t\t<\/div>\n\t\t\t\t\t<\/div>\n\t\t<\/div>\n\t\t\t\t<div class=\"elementor-column elementor-col-50 elementor-top-column elementor-element elementor-element-686aae7\" data-id=\"686aae7\" data-element_type=\"column\">\n\t\t\t<div class=\"elementor-widget-wrap\">\n\t\t\t\t\t\t\t<\/div>\n\t\t<\/div>\n\t\t\t\t\t<\/div>\n\t\t<\/section>\n\t\t\t\t<\/div>\n\t\t","protected":false},"excerpt":{"rendered":"<p>SYG Sa\u00fade. A sua corretora online de planos de sa\u00fade e seguros. Fundada em 2012, a SYG Sa\u00fade \u00e9 uma corretora de planos de sa\u00fade e seguros, com larga experi\u00eancia em atender clientes e empresas de todos os portes. Representamos as maiores seguradoras e operadoras do Brasil e oferecemos sempre os melhores produtos e solu\u00e7\u00f5es, [&hellip;]<\/p>\n","protected":false},"author":1,"featured_media":0,"parent":0,"menu_order":0,"comment_status":"closed","ping_status":"closed","template":"","meta":{"footnotes":""},"class_list":["post-173","page","type-page","status-publish","hentry"],"yoast_head":"<!-- This site is optimized with the Yoast SEO plugin v23.1 - https:\/\/yoast.com\/wordpress\/plugins\/seo\/ -->\n<title>Quem Somos - Sa\u00fade Taubat\u00e9<\/title>\n<meta name=\"robots\" content=\"index, follow, max-snippet:-1, max-image-preview:large, max-video-preview:-1\" \/>\n<link rel=\"canonical\" href=\"https:\/\/www.sygplanos.com.br\/?page_id=173\" \/>\n<meta property=\"og:locale\" content=\"pt_BR\" \/>\n<meta property=\"og:type\" content=\"article\" \/>\n<meta property=\"og:title\" content=\"Quem Somos - Sa\u00fade Taubat\u00e9\" \/>\n<meta property=\"og:description\" content=\"SYG Sa\u00fade. A sua corretora online de planos de sa\u00fade e seguros. Fundada em 2012, a SYG Sa\u00fade \u00e9 uma corretora de planos de sa\u00fade e seguros, com larga experi\u00eancia em atender clientes e empresas de todos os portes. Representamos as maiores seguradoras e operadoras do Brasil e oferecemos sempre os melhores produtos e solu\u00e7\u00f5es, [&hellip;]\" \/>\n<meta property=\"og:url\" content=\"https:\/\/www.sygplanos.com.br\/?page_id=173\" \/>\n<meta property=\"og:site_name\" content=\"Sa\u00fade Taubat\u00e9\" \/>\n<meta property=\"article:modified_time\" content=\"2024-05-13T20:16:17+00:00\" \/>\n<meta property=\"og:image\" content=\"https:\/\/www.sygplanos.com.br\/wp-content\/uploads\/2021\/08\/CapaSYG-300x226-1.png\" \/>\n<meta name=\"twitter:card\" content=\"summary_large_image\" \/>\n<meta name=\"twitter:label1\" content=\"Est. tempo de leitura\" \/>\n\t<meta name=\"twitter:data1\" content=\"3 minutos\" \/>\n<script type=\"application\/ld+json\" class=\"yoast-schema-graph\">{\"@context\":\"https:\/\/schema.org\",\"@graph\":[{\"@type\":\"WebPage\",\"@id\":\"https:\/\/www.sygplanos.com.br\/?page_id=173\",\"url\":\"https:\/\/www.sygplanos.com.br\/?page_id=173\",\"name\":\"Quem Somos - Sa\u00fade Taubat\u00e9\",\"isPartOf\":{\"@id\":\"https:\/\/www.sygplanos.com.br\/#website\"},\"primaryImageOfPage\":{\"@id\":\"https:\/\/www.sygplanos.com.br\/?page_id=173#primaryimage\"},\"image\":{\"@id\":\"https:\/\/www.sygplanos.com.br\/?page_id=173#primaryimage\"},\"thumbnailUrl\":\"https:\/\/www.sygplanos.com.br\/wp-content\/uploads\/2021\/08\/CapaSYG-300x226-1.png\",\"datePublished\":\"2021-08-23T16:28:22+00:00\",\"dateModified\":\"2024-05-13T20:16:17+00:00\",\"breadcrumb\":{\"@id\":\"https:\/\/www.sygplanos.com.br\/?page_id=173#breadcrumb\"},\"inLanguage\":\"pt-BR\",\"potentialAction\":[{\"@type\":\"ReadAction\",\"target\":[\"https:\/\/www.sygplanos.com.br\/?page_id=173\"]}]},{\"@type\":\"ImageObject\",\"inLanguage\":\"pt-BR\",\"@id\":\"https:\/\/www.sygplanos.com.br\/?page_id=173#primaryimage\",\"url\":\"https:\/\/www.sygplanos.com.br\/wp-content\/uploads\/2021\/08\/CapaSYG-300x226-1.png\",\"contentUrl\":\"https:\/\/www.sygplanos.com.br\/wp-content\/uploads\/2021\/08\/CapaSYG-300x226-1.png\",\"width\":300,\"height\":226},{\"@type\":\"BreadcrumbList\",\"@id\":\"https:\/\/www.sygplanos.com.br\/?page_id=173#breadcrumb\",\"itemListElement\":[{\"@type\":\"ListItem\",\"position\":1,\"name\":\"In\u00edcio\",\"item\":\"https:\/\/www.sygplanos.com.br\/\"},{\"@type\":\"ListItem\",\"position\":2,\"name\":\"Quem Somos\"}]},{\"@type\":\"WebSite\",\"@id\":\"https:\/\/www.sygplanos.com.br\/#website\",\"url\":\"https:\/\/www.sygplanos.com.br\/\",\"name\":\"Sa\u00fade Taubat\u00e9\",\"description\":\"S\u00f3 mais um site WordPress\",\"potentialAction\":[{\"@type\":\"SearchAction\",\"target\":{\"@type\":\"EntryPoint\",\"urlTemplate\":\"https:\/\/www.sygplanos.com.br\/?s={search_term_string}\"},\"query-input\":\"required name=search_term_string\"}],\"inLanguage\":\"pt-BR\"}]}<\/script>\n<!-- \/ Yoast SEO plugin. -->","yoast_head_json":{"title":"Quem Somos - Sa\u00fade Taubat\u00e9","robots":{"index":"index","follow":"follow","max-snippet":"max-snippet:-1","max-image-preview":"max-image-preview:large","max-video-preview":"max-video-preview:-1"},"canonical":"https:\/\/www.sygplanos.com.br\/?page_id=173","og_locale":"pt_BR","og_type":"article","og_title":"Quem Somos - Sa\u00fade Taubat\u00e9","og_description":"SYG Sa\u00fade. A sua corretora online de planos de sa\u00fade e seguros. Fundada em 2012, a SYG Sa\u00fade \u00e9 uma corretora de planos de sa\u00fade e seguros, com larga experi\u00eancia em atender clientes e empresas de todos os portes. Representamos as maiores seguradoras e operadoras do Brasil e oferecemos sempre os melhores produtos e solu\u00e7\u00f5es, [&hellip;]","og_url":"https:\/\/www.sygplanos.com.br\/?page_id=173","og_site_name":"Sa\u00fade Taubat\u00e9","article_modified_time":"2024-05-13T20:16:17+00:00","og_image":[{"url":"https:\/\/www.sygplanos.com.br\/wp-content\/uploads\/2021\/08\/CapaSYG-300x226-1.png"}],"twitter_card":"summary_large_image","twitter_misc":{"Est. tempo de leitura":"3 minutos"},"schema":{"@context":"https:\/\/schema.org","@graph":[{"@type":"WebPage","@id":"https:\/\/www.sygplanos.com.br\/?page_id=173","url":"https:\/\/www.sygplanos.com.br\/?page_id=173","name":"Quem Somos - Sa\u00fade Taubat\u00e9","isPartOf":{"@id":"https:\/\/www.sygplanos.com.br\/#website"},"primaryImageOfPage":{"@id":"https:\/\/www.sygplanos.com.br\/?page_id=173#primaryimage"},"image":{"@id":"https:\/\/www.sygplanos.com.br\/?page_id=173#primaryimage"},"thumbnailUrl":"https:\/\/www.sygplanos.com.br\/wp-content\/uploads\/2021\/08\/CapaSYG-300x226-1.png","datePublished":"2021-08-23T16:28:22+00:00","dateModified":"2024-05-13T20:16:17+00:00","breadcrumb":{"@id":"https:\/\/www.sygplanos.com.br\/?page_id=173#breadcrumb"},"inLanguage":"pt-BR","potentialAction":[{"@type":"ReadAction","target":["https:\/\/www.sygplanos.com.br\/?page_id=173"]}]},{"@type":"ImageObject","inLanguage":"pt-BR","@id":"https:\/\/www.sygplanos.com.br\/?page_id=173#primaryimage","url":"https:\/\/www.sygplanos.com.br\/wp-content\/uploads\/2021\/08\/CapaSYG-300x226-1.png","contentUrl":"https:\/\/www.sygplanos.com.br\/wp-content\/uploads\/2021\/08\/CapaSYG-300x226-1.png","width":300,"height":226},{"@type":"BreadcrumbList","@id":"https:\/\/www.sygplanos.com.br\/?page_id=173#breadcrumb","itemListElement":[{"@type":"ListItem","position":1,"name":"In\u00edcio","item":"https:\/\/www.sygplanos.com.br\/"},{"@type":"ListItem","position":2,"name":"Quem Somos"}]},{"@type":"WebSite","@id":"https:\/\/www.sygplanos.com.br\/#website","url":"https:\/\/www.sygplanos.com.br\/","name":"Sa\u00fade Taubat\u00e9","description":"S\u00f3 mais um site WordPress","potentialAction":[{"@type":"SearchAction","target":{"@type":"EntryPoint","urlTemplate":"https:\/\/www.sygplanos.com.br\/?s={search_term_string}"},"query-input":"required name=search_term_string"}],"inLanguage":"pt-BR"}]}},"_links":{"self":[{"href":"https:\/\/www.sygplanos.com.br\/index.php?rest_route=\/wp\/v2\/pages\/173","targetHints":{"allow":["GET"]}}],"collection":[{"href":"https:\/\/www.sygplanos.com.br\/index.php?rest_route=\/wp\/v2\/pages"}],"about":[{"href":"https:\/\/www.sygplanos.com.br\/index.php?rest_route=\/wp\/v2\/types\/page"}],"author":[{"embeddable":true,"href":"https:\/\/www.sygplanos.com.br\/index.php?rest_route=\/wp\/v2\/users\/1"}],"replies":[{"embeddable":true,"href":"https:\/\/www.sygplanos.com.br\/index.php?rest_route=%2Fwp%2Fv2%2Fcomments&post=173"}],"version-history":[{"count":10,"href":"https:\/\/www.sygplanos.com.br\/index.php?rest_route=\/wp\/v2\/pages\/173\/revisions"}],"predecessor-version":[{"id":542,"href":"https:\/\/www.sygplanos.com.br\/index.php?rest_route=\/wp\/v2\/pages\/173\/revisions\/542"}],"wp:attachment":[{"href":"https:\/\/www.sygplanos.com.br\/index.php?rest_route=%2Fwp%2Fv2%2Fmedia&parent=173"}],"curies":[{"name":"wp","href":"https:\/\/api.w.org\/{rel}","templated":true}]}}